{"id":12,"date":"2018-11-09T15:31:44","date_gmt":"2018-11-09T18:31:44","guid":{"rendered":"http:\/\/c1420827.ferozo.com\/?page_id=12"},"modified":"2023-04-12T14:28:39","modified_gmt":"2023-04-12T17:28:39","slug":"cobertura","status":"publish","type":"page","link":"https:\/\/divito.com.ar\/?page_id=12","title":{"rendered":"Cobertura"},"content":{"rendered":"<div class=\"wpb-content-wrapper\"><p>[vc_row full_width=&#8221;stretch_row&#8221; content_text_aligment=&#8221;center&#8221; css=&#8221;.vc_custom_1542398217056{margin-top: -100px !important;padding-top: 250px !important;padding-bottom: 250px !important;}&#8221; parallax_background_image=&#8221;169&#8243;][vc_column]<div class=\"mkd-section-title-holder  mkd-st-standard mkd-st-title-left mkd-st-normal-space \" >\n\t<div class=\"mkd-st-inner\">\n\t\t\t\t\t<h2 class=\"mkd-st-title\" style=\"color: #ffffff\">\n\t\t\t\tCOBERTURA\t\t\t<\/h2>\n\t\t\t\t\t<\/div>\n<\/div>[\/vc_column][\/vc_row][vc_row css=&#8221;.vc_custom_1542398250311{margin-bottom: 50px !important;}&#8221;][vc_column][vc_column_text css_animation=&#8221;none&#8221;]<\/p>\n<p style=\"font-size: 25px; text-align: center;\">Estamos en constante crecimiento, sumamos un nuevo mayorista cada semana.<br \/>\nGracias por elegirnos.<\/p>\n<p>[\/vc_column_text][vc_empty_space height=&#8221;15px&#8221;][vc_zigzag color=&#8221;custom&#8221; el_width=&#8221;30&#8243; custom_color=&#8221;#f5c40d&#8221;][\/vc_column][\/vc_row][vc_row full_width=&#8221;stretch_row&#8221; css=&#8221;.vc_custom_1542216178136{padding-top: 10px !important;padding-bottom: 50px !important;background-color: #202052 !important;}&#8221;][vc_column][vc_column_text]<\/p>\n<h3 style=\"text-align: center; color: #ffffff;\">DIVITO EN EL PA\u00cdS<\/h3>\n<p>[\/vc_column_text][\/vc_column][\/vc_row][vc_row full_width=&#8221;stretch_row&#8221; css=&#8221;.vc_custom_1542397096175{margin-bottom: -100px !important;padding-top: 50px !important;padding-bottom: 120px !important;background-position: center !important;background-repeat: no-repeat !important;background-size: cover !important;}&#8221;][vc_column width=&#8221;1\/4&#8243;][\/vc_column][vc_column width=&#8221;1\/2&#8243;][vc_column_text]<\/p>\n<h3>Zona Mayorista.<\/h3>\n<p style=\"text-align: left; color: #333333;\">Estamos presente en Buenos Aires, Entre R\u00edos, R\u00edo Negro, Neuqu\u00e9n, La Pampa y el Sur de Santa Fe.<\/p>\n<p>[\/vc_column_text][vc_single_image image=&#8221;164&#8243; img_size=&#8221;full&#8221; alignment=&#8221;center&#8221;][\/vc_column][vc_column width=&#8221;1\/4&#8243;][\/vc_column][\/vc_row]<\/p>\n<\/div>","protected":false},"excerpt":{"rendered":"<p>[vc_row full_width=&#8221;stretch_row&#8221; content_text_aligment=&#8221;center&#8221; css=&#8221;.vc_custom_1542398217056{margin-top: -100px !important;padding-top: 250px !important;padding-bottom: 250px !important;}&#8221; parallax_background_image=&#8221;169&#8243;][vc_column][\/vc_column][\/vc_row][vc_row css=&#8221;.vc_custom_1542398250311{margin-bottom: 50px !important;}&#8221;][vc_column][vc_column_text css_animation=&#8221;none&#8221;] Estamos en constante crecimiento, sumamos un nuevo mayorista cada semana. Gracias por elegirnos. [\/vc_column_text][vc_empty_space height=&#8221;15px&#8221;][vc_zigzag color=&#8221;custom&#8221; el_width=&#8221;30&#8243; custom_color=&#8221;#f5c40d&#8221;][\/vc_column][\/vc_row][vc_row full_width=&#8221;stretch_row&#8221; css=&#8221;.vc_custom_1542216178136{padding-top: 10px !important;padding-bottom: 50px !important;background-color: #202052 [&hellip;]<\/p>\n","protected":false},"author":1,"featured_media":0,"parent":0,"menu_order":0,"comment_status":"closed","ping_status":"closed","template":"","meta":{"footnotes":""},"class_list":["post-12","page","type-page","status-publish","hentry"],"_links":{"self":[{"href":"https:\/\/divito.com.ar\/index.php?rest_route=\/wp\/v2\/pages\/12","targetHints":{"allow":["GET"]}}],"collection":[{"href":"https:\/\/divito.com.ar\/index.php?rest_route=\/wp\/v2\/pages"}],"about":[{"href":"https:\/\/divito.com.ar\/index.php?rest_route=\/wp\/v2\/types\/page"}],"author":[{"embeddable":true,"href":"https:\/\/divito.com.ar\/index.php?rest_route=\/wp\/v2\/users\/1"}],"replies":[{"embeddable":true,"href":"https:\/\/divito.com.ar\/index.php?rest_route=%2Fwp%2Fv2%2Fcomments&post=12"}],"version-history":[{"count":15,"href":"https:\/\/divito.com.ar\/index.php?rest_route=\/wp\/v2\/pages\/12\/revisions"}],"predecessor-version":[{"id":299,"href":"https:\/\/divito.com.ar\/index.php?rest_route=\/wp\/v2\/pages\/12\/revisions\/299"}],"wp:attachment":[{"href":"https:\/\/divito.com.ar\/index.php?rest_route=%2Fwp%2Fv2%2Fmedia&parent=12"}],"curies":[{"name":"wp","href":"https:\/\/api.w.org\/{rel}","templated":true}]}}