{"id":224,"date":"2018-12-02T09:49:08","date_gmt":"2018-12-02T12:49:08","guid":{"rendered":"http:\/\/c1420827.ferozo.com\/?page_id=224"},"modified":"2023-04-12T14:26:21","modified_gmt":"2023-04-12T17:26:21","slug":"club-kiosqueros","status":"publish","type":"page","link":"https:\/\/divito.com.ar\/?page_id=224","title":{"rendered":"Club de Mayoristas"},"content":{"rendered":"<div class=\"wpb-content-wrapper\"><p>[vc_row full_width=&#8221;stretch_row_content_no_spaces&#8221; content_text_aligment=&#8221;center&#8221; css=&#8221;.vc_custom_1543842598546{margin-top: -100px !important;padding-top: 250px !important;padding-bottom: 250px !important;}&#8221; parallax_background_image=&#8221;237&#8243;][vc_column]<div class=\"mkd-section-title-holder  mkd-st-standard mkd-st-title-left mkd-st-normal-space \" >\n\t<div class=\"mkd-st-inner\">\n\t\t\t\t\t<h2 class=\"mkd-st-title\" style=\"color: #ffffff\">\n\t\t\t\tCLUB DE MAYORISTAS\t\t\t<\/h2>\n\t\t\t\t\t<\/div>\n<\/div>[\/vc_column][\/vc_row][vc_row full_width=&#8221;stretch_row&#8221; css=&#8221;.vc_custom_1542287161303{margin-top: -50px !important;padding-top: 10px !important;padding-bottom: 50px !important;background-color: #202052 !important;}&#8221;][vc_column][vc_column_text]<\/p>\n<h4 style=\"text-align: center; color: #ffffff;\">Sumate al club de los <strong>&#8220;Nuevos Mayoristas Divito&#8221;.<\/strong><br \/>\nSi ten\u00e9s tiempo libre y ganas, nosotros te ayudamos a que seas tu propio jefe,\u00a0manejes tus tiempos y ganes dinero.<\/h4>\n<p>[\/vc_column_text][\/vc_column][\/vc_row][vc_row css=&#8221;.vc_custom_1542287188818{margin-top: 30px !important;margin-bottom: 50px !important;}&#8221;][vc_column width=&#8221;1\/2&#8243;][vc_column_text css_animation=&#8221;none&#8221;]<\/p>\n<p style=\"font-size: 25px; text-align: left; color: #202052;\">\u00bfC\u00f3mo?<\/p>\n<p>[\/vc_column_text][vc_empty_space height=&#8221;15px&#8221;][vc_zigzag color=&#8221;custom&#8221; align=&#8221;left&#8221; el_width=&#8221;30&#8243; custom_color=&#8221;#f5c40d&#8221;][vc_column_text]Arm\u00e1 tu propio negocio mayorista de Golosinas. En un garaje, un galp\u00f3n o una pieza. Con m\u00ednima inversi\u00f3n, tiempo y ganas, pod\u00e9s iniciar tu propio negocio y en poco tiempo convertirte en un mayorista de golosinas en tu zona.[\/vc_column_text][vc_column_text css_animation=&#8221;none&#8221;]<\/p>\n<p style=\"font-size: 25px; text-align: left; color: #202052;\">\u00bfPor qu\u00e9?<\/p>\n<p>[\/vc_column_text][vc_empty_space height=&#8221;15px&#8221;][vc_zigzag color=&#8221;custom&#8221; align=&#8221;left&#8221; el_width=&#8221;30&#8243; custom_color=&#8221;#f5c40d&#8221;][vc_column_text]Hay negocios que esperan ser atendidos y vos ten\u00e9s que estar ah\u00ed. Si bien en cada zona, pueblo o ciudad existe un distribuidor designado por las empresas para que lleve sus productos, la realidad indica que no llegan a abastecer el 50% de las zonas asignadas dejando afuera de su distribuci\u00f3n una cantidad de kioscos, almacenes y negocios, por su tama\u00f1o, ubicaci\u00f3n o formato.[\/vc_column_text][\/vc_column][vc_column width=&#8221;1\/2&#8243;][vc_column_text css_animation=&#8221;none&#8221;]<\/p>\n<p style=\"font-size: 25px; text-align: left; color: #202052;\">\u00bfQu\u00e9 hacemos nosotros?<\/p>\n<p>[\/vc_column_text][vc_empty_space height=&#8221;15px&#8221;][vc_zigzag color=&#8221;custom&#8221; align=&#8221;left&#8221; el_width=&#8221;30&#8243; custom_color=&#8221;#f5c40d&#8221;][vc_column_text]<\/p>\n<h4>\u00a1Somos parte de tu equipo!<\/h4>\n<p>Nosotros te Asesoramos en tu negocio para comenzar y te abastecemos semanalmente a vos y a m\u00e1s de 300 mayoristas en todo el Pa\u00eds. Solo ofrecemos productos conocidos, las marcas que pide la gente y se venden. No ten\u00e9s que tener cantidades, vas comprando semanalmente a medida que vas vendiendo. Por ello la inversi\u00f3n tampoco es tan grande y cuando crezcas, vamos a estar ah\u00ed, acompa\u00f1\u00e1ndote en tu desarrollo.[\/vc_column_text][\/vc_column][\/vc_row][vc_row css=&#8221;.vc_custom_1542287188818{margin-top: 30px !important;margin-bottom: 50px !important;}&#8221;][vc_column width=&#8221;1\/2&#8243;][vc_column_text css_animation=&#8221;none&#8221;]<\/p>\n<p style=\"font-size: 25px; text-align: left; color: #202052;\">\u00bfQu\u00e9 ten\u00e9s que hacer?<\/p>\n<p>[\/vc_column_text][vc_empty_space height=&#8221;15px&#8221;][vc_zigzag color=&#8221;custom&#8221; align=&#8221;left&#8221; el_width=&#8221;30&#8243; custom_color=&#8221;#f5c40d&#8221;][vc_column_text]<\/p>\n<h4>\u00a1Ponerle Ganas!<\/h4>\n<p>Visitar unos 30\/35 Kioscos\/negocios por d\u00eda, en tu zona, donde mucha gente ya te conoce y venderles golosinas. Lo pod\u00e9s hacer a pie, en bicicleta, en moto y para entregar, un autito o una chata. Como consejo : Cobrar al contado, contra entrega. Si das fiado, \u00a1perdiste![\/vc_column_text][\/vc_column][vc_column width=&#8221;1\/2&#8243;][vc_column_text css_animation=&#8221;none&#8221;]<\/p>\n<p style=\"font-size: 25px; text-align: left; color: #202052;\">\u00bfCu\u00e1nto Pod\u00e9s Ganar?<\/p>\n<p>[\/vc_column_text][vc_empty_space height=&#8221;15px&#8221;][vc_zigzag color=&#8221;custom&#8221; align=&#8221;left&#8221; el_width=&#8221;30&#8243; custom_color=&#8221;#f5c40d&#8221;][vc_column_text]<\/p>\n<h4>\u00a1Aproximadamente $ 500.000!<\/h4>\n<p>Teniendo una cartera de 150 clientes y si le vendieras a todos (cosa bastante complicada). Sin embargo, poniendo un promedio de venta de $4000 (Bastante bajo) por cliente, vender\u00edas $120.000 por d\u00eda, lo que te dejar\u00eda al mes una ganancia aproximada de $500.000.[\/vc_column_text][\/vc_column][\/vc_row]<\/p>\n<\/div>","protected":false},"excerpt":{"rendered":"<p>[vc_row full_width=&#8221;stretch_row_content_no_spaces&#8221; content_text_aligment=&#8221;center&#8221; css=&#8221;.vc_custom_1543842598546{margin-top: -100px !important;padding-top: 250px !important;padding-bottom: 250px !important;}&#8221; parallax_background_image=&#8221;237&#8243;][vc_column][\/vc_column][\/vc_row][vc_row full_width=&#8221;stretch_row&#8221; css=&#8221;.vc_custom_1542287161303{margin-top: -50px !important;padding-top: 10px !important;padding-bottom: 50px !important;background-color: #202052 !important;}&#8221;][vc_column][vc_column_text] Sumate al club de los &#8220;Nuevos Mayoristas Divito&#8221;. Si ten\u00e9s tiempo libre y ganas, nosotros te ayudamos a que [&hellip;]<\/p>\n","protected":false},"author":1,"featured_media":0,"parent":0,"menu_order":0,"comment_status":"closed","ping_status":"closed","template":"","meta":{"footnotes":""},"class_list":["post-224","page","type-page","status-publish","hentry"],"_links":{"self":[{"href":"https:\/\/divito.com.ar\/index.php?rest_route=\/wp\/v2\/pages\/224","targetHints":{"allow":["GET"]}}],"collection":[{"href":"https:\/\/divito.com.ar\/index.php?rest_route=\/wp\/v2\/pages"}],"about":[{"href":"https:\/\/divito.com.ar\/index.php?rest_route=\/wp\/v2\/types\/page"}],"author":[{"embeddable":true,"href":"https:\/\/divito.com.ar\/index.php?rest_route=\/wp\/v2\/users\/1"}],"replies":[{"embeddable":true,"href":"https:\/\/divito.com.ar\/index.php?rest_route=%2Fwp%2Fv2%2Fcomments&post=224"}],"version-history":[{"count":14,"href":"https:\/\/divito.com.ar\/index.php?rest_route=\/wp\/v2\/pages\/224\/revisions"}],"predecessor-version":[{"id":297,"href":"https:\/\/divito.com.ar\/index.php?rest_route=\/wp\/v2\/pages\/224\/revisions\/297"}],"wp:attachment":[{"href":"https:\/\/divito.com.ar\/index.php?rest_route=%2Fwp%2Fv2%2Fmedia&parent=224"}],"curies":[{"name":"wp","href":"https:\/\/api.w.org\/{rel}","templated":true}]}}