{"id":8,"date":"2018-11-09T15:31:26","date_gmt":"2018-11-09T18:31:26","guid":{"rendered":"http:\/\/c1420827.ferozo.com\/?page_id=8"},"modified":"2023-04-12T14:45:33","modified_gmt":"2023-04-12T17:45:33","slug":"hacemos","status":"publish","type":"page","link":"https:\/\/divito.com.ar\/?page_id=8","title":{"rendered":"Hacemos"},"content":{"rendered":"<div class=\"wpb-content-wrapper\"><p>[vc_row full_width=&#8221;stretch_row&#8221; content_text_aligment=&#8221;center&#8221; css=&#8221;.vc_custom_1542217754670{margin-top: -100px !important;padding-top: 250px !important;padding-bottom: 250px !important;}&#8221; parallax_background_image=&#8221;114&#8243;][vc_column]<div class=\"mkd-section-title-holder  mkd-st-standard mkd-st-title-left mkd-st-normal-space \" >\n\t<div class=\"mkd-st-inner\">\n\t\t\t\t\t<h2 class=\"mkd-st-title\" style=\"color: #000000\">\n\t\t\t\tUN ALIADO EN TU NEGOCIO Y EN TU FUTURO\t\t\t<\/h2>\n\t\t\t\t\t<\/div>\n<\/div>[\/vc_column][\/vc_row][vc_row full_width=&#8221;stretch_row&#8221; css=&#8221;.vc_custom_1542287161303{margin-top: -50px !important;padding-top: 10px !important;padding-bottom: 50px !important;background-color: #202052 !important;}&#8221;][vc_column][vc_column_text]<\/p>\n<h4 style=\"text-align: center; color: #ffffff;\">Fundamos la primera Escuela de Negocios Emprendedores Divito para capacitar y entrenar con herramientas profesionales a todo el canal.<\/h4>\n<p>[\/vc_column_text][\/vc_column][\/vc_row][vc_row css=&#8221;.vc_custom_1542287188818{margin-top: 30px !important;margin-bottom: 50px !important;}&#8221;][vc_column width=&#8221;2\/3&#8243;][vc_column_text css_animation=&#8221;none&#8221;]<\/p>\n<p style=\"font-size: 25px; text-align: left; color: #202052;\">Nos encanta generar negocios rentables para nuestros asociados (ya sean accionistas, proveedores, colaboradores y sobretodo clientes exigentes).<\/p>\n<p>[\/vc_column_text][vc_empty_space height=&#8221;15px&#8221;][vc_zigzag color=&#8221;custom&#8221; align=&#8221;left&#8221; el_width=&#8221;30&#8243; custom_color=&#8221;#f5c40d&#8221;][vc_column_text]Es una dicha vender golosinas a mayoristas de todo el pa\u00eds (ver cobertura con flete pago).<\/p>\n<p><strong>Tenemos un sistema de ventas de primer nivel<br \/>\n<\/strong><br \/>\n\u2022 En el canal mayoristas somos l\u00edderes indiscutidos. Solamente en el interior del pa\u00eds, llegamos a m\u00e1s de 200 ciudades con una frecuencia de visita semanal brindando un servicio de entrega \u00fanico, r\u00e1pido y efectivo.<\/p>\n<p>\u2022 Tenemos m\u00e1s de\u00a0<strong>300 mayoristas<\/strong>\u00a0que nos eligen por servicio, por precio, por calidad en la atenci\u00f3n y por el mix de productos elegido para la comercializaci\u00f3n y distribuci\u00f3n.<\/p>\n<p>\u2022\u00a0<strong>Nuestros vendedores tienen la mejor predisposici\u00f3n y amabilidad<\/strong>\u00a0para evacuar dudas y consultas y brindar asesoramiento pero adem\u00e1s cuentan con un sistema de informaci\u00f3n y estad\u00edsticas completo del cliente, los productos comprados, los que no trabaja o discontinu\u00f3, con qu\u00e9 frecuencia y a qu\u00e9 precio. Esto nos ayuda a brindarle un precio \u00fanico y especial para cada tipo de cliente.[\/vc_column_text][\/vc_column][vc_column width=&#8221;1\/3&#8243;][vc_single_image image=&#8221;121&#8243; img_size=&#8221;medium&#8221; alignment=&#8221;center&#8221; css_animation=&#8221;bounceInRight&#8221;][vc_zigzag color=&#8221;custom&#8221; el_width=&#8221;40&#8243; custom_color=&#8221;#202052&#8243;][\/vc_column][\/vc_row]<\/p>\n<\/div>","protected":false},"excerpt":{"rendered":"<p>[vc_row full_width=&#8221;stretch_row&#8221; content_text_aligment=&#8221;center&#8221; css=&#8221;.vc_custom_1542217754670{margin-top: -100px !important;padding-top: 250px !important;padding-bottom: 250px !important;}&#8221; parallax_background_image=&#8221;114&#8243;][vc_column][\/vc_column][\/vc_row][vc_row full_width=&#8221;stretch_row&#8221; css=&#8221;.vc_custom_1542287161303{margin-top: -50px !important;padding-top: 10px !important;padding-bottom: 50px !important;background-color: #202052 !important;}&#8221;][vc_column][vc_column_text] Fundamos la primera Escuela de Negocios Emprendedores Divito para capacitar y entrenar con herramientas profesionales a todo el canal. [&hellip;]<\/p>\n","protected":false},"author":1,"featured_media":0,"parent":0,"menu_order":0,"comment_status":"closed","ping_status":"closed","template":"","meta":{"footnotes":""},"class_list":["post-8","page","type-page","status-publish","hentry"],"_links":{"self":[{"href":"https:\/\/divito.com.ar\/index.php?rest_route=\/wp\/v2\/pages\/8","targetHints":{"allow":["GET"]}}],"collection":[{"href":"https:\/\/divito.com.ar\/index.php?rest_route=\/wp\/v2\/pages"}],"about":[{"href":"https:\/\/divito.com.ar\/index.php?rest_route=\/wp\/v2\/types\/page"}],"author":[{"embeddable":true,"href":"https:\/\/divito.com.ar\/index.php?rest_route=\/wp\/v2\/users\/1"}],"replies":[{"embeddable":true,"href":"https:\/\/divito.com.ar\/index.php?rest_route=%2Fwp%2Fv2%2Fcomments&post=8"}],"version-history":[{"count":17,"href":"https:\/\/divito.com.ar\/index.php?rest_route=\/wp\/v2\/pages\/8\/revisions"}],"predecessor-version":[{"id":303,"href":"https:\/\/divito.com.ar\/index.php?rest_route=\/wp\/v2\/pages\/8\/revisions\/303"}],"wp:attachment":[{"href":"https:\/\/divito.com.ar\/index.php?rest_route=%2Fwp%2Fv2%2Fmedia&parent=8"}],"curies":[{"name":"wp","href":"https:\/\/api.w.org\/{rel}","templated":true}]}}